{"id":9,"date":"2016-04-28T18:55:55","date_gmt":"2016-04-28T18:55:55","guid":{"rendered":"http:\/\/max-stoetzner.de\/?page_id=9"},"modified":"2016-04-28T18:57:07","modified_gmt":"2016-04-28T18:57:07","slug":"herzlich-willkommen","status":"publish","type":"page","link":"https:\/\/max-stoetzner.de\/","title":{"rendered":"Herzlich Willkommen"},"content":{"rendered":"<p>Herzlich Willkommen auf meiner Website.<\/p>\n<p>Dies ist eine ganz pers\u00f6nliche Seite. Hier schreibe ich alles rein was ich so denke. Wenn es kritische Themen sein sollten, versuche ich meine Argumente mit Belegen zu bekr\u00e4ftigen.<\/p>\n<p>Klick auf das Men\u00fc und schau dich um.<\/p>\n","protected":false},"excerpt":{"rendered":"<p>Herzlich Willkommen auf meiner Website. Dies ist eine ganz pers\u00f6nliche Seite. Hier schreibe ich alles rein was ich so denke. Wenn es kritische Themen sein sollten, versuche ich meine Argumente mit Belegen zu bekr\u00e4ftigen. Klick auf das Men\u00fc und schau dich um.<\/p>\n","protected":false},"author":1,"featured_media":0,"parent":0,"menu_order":0,"comment_status":"closed","ping_status":"closed","template":"","meta":{"jetpack_post_was_ever_published":false},"jetpack_sharing_enabled":true,"jetpack_shortlink":"https:\/\/wp.me\/P7upyT-9","jetpack-related-posts":[{"id":4,"url":"https:\/\/max-stoetzner.de\/?page_id=4","url_meta":{"origin":9,"position":0},"title":"Impressum","date":"April 28, 2016","format":false,"excerpt":"Impressum Angaben gem\u00e4\u00df \u00a7 5 TMG: Max St\u00f6tzner Alte Str. 28 04552 Borna Kontakt: E-Mail: info@max-stoetzner.de Quelle: https:\/\/www.e-recht24.de Haftungsausschluss (Disclaimer) Haftung f\u00fcr Inhalte Als Diensteanbieter sind wir gem\u00e4\u00df \u00a7 7 Abs.1 TMG f\u00fcr eigene Inhalte auf diesen Seiten nach den allgemeinen Gesetzen verantwortlich. Nach \u00a7\u00a7 8 bis 10 TMG sind\u2026","rel":"","context":"\u00c4hnlicher Beitrag","img":{"alt_text":"","src":"","width":0,"height":0},"classes":[]}],"_links":{"self":[{"href":"https:\/\/max-stoetzner.de\/index.php?rest_route=\/wp\/v2\/pages\/9"}],"collection":[{"href":"https:\/\/max-stoetzner.de\/index.php?rest_route=\/wp\/v2\/pages"}],"about":[{"href":"https:\/\/max-stoetzner.de\/index.php?rest_route=\/wp\/v2\/types\/page"}],"author":[{"embeddable":true,"href":"https:\/\/max-stoetzner.de\/index.php?rest_route=\/wp\/v2\/users\/1"}],"replies":[{"embeddable":true,"href":"https:\/\/max-stoetzner.de\/index.php?rest_route=%2Fwp%2Fv2%2Fcomments&post=9"}],"version-history":[{"count":2,"href":"https:\/\/max-stoetzner.de\/index.php?rest_route=\/wp\/v2\/pages\/9\/revisions"}],"predecessor-version":[{"id":11,"href":"https:\/\/max-stoetzner.de\/index.php?rest_route=\/wp\/v2\/pages\/9\/revisions\/11"}],"wp:attachment":[{"href":"https:\/\/max-stoetzner.de\/index.php?rest_route=%2Fwp%2Fv2%2Fmedia&parent=9"}],"curies":[{"name":"wp","href":"https:\/\/api.w.org\/{rel}","templated":true}]}}